{"id":3664,"date":"2019-05-14T11:48:47","date_gmt":"2019-05-14T11:48:47","guid":{"rendered":"http:\/\/ishljod.is\/?page_id=3664"},"modified":"2023-02-21T15:58:02","modified_gmt":"2023-02-21T15:58:02","slug":"hlekkir","status":"publish","type":"page","link":"https:\/\/ishljod.is\/?page_id=3664","title":{"rendered":"Hlekkir"},"content":{"rendered":"<div class='av-hotspot-image-container avia_animate_when_almost_visible   av-hotspot-numbered av-mobile-fallback-active    avia-builder-el-0  el_before_av_hr  avia-builder-el-first  av-non-fullwidth-hotspot-image '  itemprop=\"image\" itemscope=\"itemscope\" itemtype=\"https:\/\/schema.org\/ImageObject\"  ><div class='av-hotspot-container'><div class='av-hotspot-container-inner-cell'><div class='av-hotspot-container-inner-wrap'><img class='avia_image ' src='https:\/\/ishljod.is\/wp-content\/uploads\/2019\/04\/hljoddemo.jpg' alt='' title=''  height=\"1600\"width=\"2400\"  itemprop=\"thumbnailUrl\"  \/><\/div><\/div><\/div><\/div>\n<div  class='hr hr-default   avia-builder-el-1  el_after_av_image_hotspot  el_before_av_section  avia-builder-el-no-sibling '><span class='hr-inner ' ><span class='hr-inner-style'><\/span><\/span><\/div>\n<\/div><\/div><\/div><!-- close content main div --><\/div><\/div><div id='av_section_1' class='avia-section main_color avia-section-default avia-no-border-styling avia-bg-style-scroll  avia-builder-el-2  el_after_av_hr  el_before_av_one_fourth   container_wrap sidebar_right' style=' '  ><div class='container' ><div class='template-page content  av-content-small alpha units'><div class='post-entry post-entry-type-page post-entry-3664'><div class='entry-content-wrapper clearfix'>\n<div class=\"flex_column av_one_fourth  flex_column_div av-zero-column-padding first  avia-builder-el-3  el_before_av_one_half  avia-builder-el-first  \" style='border-radius:0px; '><\/div><div class=\"flex_column av_one_half  flex_column_div av-zero-column-padding   avia-builder-el-4  el_after_av_one_fourth  el_before_av_one_fourth  \" style='border-radius:0px; '><div class='avia-icon-list-container   avia-builder-el-5  avia-builder-el-no-sibling '><ul class='avia-icon-list avia-icon-list-left av-iconlist-big avia_animate_when_almost_visible avia-iconlist-animate'>\n<li><a href='http:\/\/www.norskakustiskselskap.org\/' title='NAS '  target=\"_blank\"   class='iconlist_icon  avia-font-entypo-fontello'><span class='iconlist-char ' aria-hidden='true' data-av_icon='\ue879' data-av_iconfont='entypo-fontello'><\/span><\/a><article class=\"article-icon-entry \"  itemscope=\"itemscope\" itemtype=\"https:\/\/schema.org\/CreativeWork\" ><div class='iconlist_content_wrap'><header class=\"entry-content-header\"><h4 class='av_iconlist_title iconlist_title  '  itemprop=\"headline\"  ><a href='http:\/\/www.norskakustiskselskap.org\/' title='NAS ' target=\"_blank\" >NAS <\/a><\/h4><\/header><div class='iconlist_content  '  itemprop=\"text\"  ><p>Norsk Akustisk Selskap<\/p>\n<\/div><\/div><footer class=\"entry-footer\"><\/footer><\/article><div class='iconlist-timeline'><\/div><\/li>\n<li><a href='http:\/\/www.akustiska-sallskapet.org\/' title='SAS'  target=\"_blank\"   class='iconlist_icon  avia-font-entypo-fontello'><span class='iconlist-char ' aria-hidden='true' data-av_icon='\ue879' data-av_iconfont='entypo-fontello'><\/span><\/a><article class=\"article-icon-entry \"  itemscope=\"itemscope\" itemtype=\"https:\/\/schema.org\/CreativeWork\" ><div class='iconlist_content_wrap'><header class=\"entry-content-header\"><h4 class='av_iconlist_title iconlist_title  '  itemprop=\"headline\"  ><a href='http:\/\/www.akustiska-sallskapet.org\/' title='SAS' target=\"_blank\" >SAS<\/a><\/h4><\/header><div class='iconlist_content  '  itemprop=\"text\"  ><p>Svenska Akustiska S\u00e4llskapet<\/p>\n<\/div><\/div><footer class=\"entry-footer\"><\/footer><\/article><div class='iconlist-timeline'><\/div><\/li>\n<li><a href='https:\/\/d-a-s.dk\/' title='DAS '  target=\"_blank\"   class='iconlist_icon  avia-font-entypo-fontello'><span class='iconlist-char ' aria-hidden='true' data-av_icon='\ue879' data-av_iconfont='entypo-fontello'><\/span><\/a><article class=\"article-icon-entry \"  itemscope=\"itemscope\" itemtype=\"https:\/\/schema.org\/CreativeWork\" ><div class='iconlist_content_wrap'><header class=\"entry-content-header\"><h4 class='av_iconlist_title iconlist_title  '  itemprop=\"headline\"  ><a href='https:\/\/d-a-s.dk\/' title='DAS ' target=\"_blank\" >DAS <\/a><\/h4><\/header><div class='iconlist_content  '  itemprop=\"text\"  ><p>Dansk Akustisk Selskab<\/p>\n<\/div><\/div><footer class=\"entry-footer\"><\/footer><\/article><div class='iconlist-timeline'><\/div><\/li>\n<li><a href='http:\/\/www.akustinenseura.fi\/' title='ASF'  target=\"_blank\"   class='iconlist_icon  avia-font-entypo-fontello'><span class='iconlist-char ' aria-hidden='true' data-av_icon='\ue879' data-av_iconfont='entypo-fontello'><\/span><\/a><article class=\"article-icon-entry \"  itemscope=\"itemscope\" itemtype=\"https:\/\/schema.org\/CreativeWork\" ><div class='iconlist_content_wrap'><header class=\"entry-content-header\"><h4 class='av_iconlist_title iconlist_title  '  itemprop=\"headline\"  ><a href='http:\/\/www.akustinenseura.fi\/' title='ASF' target=\"_blank\" >ASF<\/a><\/h4><\/header><div class='iconlist_content  '  itemprop=\"text\"  ><p>Akustinen seura ry (finska f\u00e9lagi\u00f0)<\/p>\n<\/div><\/div><footer class=\"entry-footer\"><\/footer><\/article><div class='iconlist-timeline'><\/div><\/li>\n<\/ul><\/div><\/div><div class=\"flex_column av_one_fourth  flex_column_div av-zero-column-padding   avia-builder-el-6  el_after_av_one_half  avia-builder-el-last  \" style='border-radius:0px; '><\/div>\n<\/div><\/div><\/div><!-- close content main div --><\/div><\/div><div id='after_section_1' class='main_color av_default_container_wrap container_wrap sidebar_right' style=' '  ><div class='container' ><div class='template-page content  av-content-small alpha units'><div class='post-entry post-entry-type-page post-entry-3664'><div class='entry-content-wrapper clearfix'>\n<div class=\"flex_column av_one_fourth  flex_column_div av-zero-column-padding first  avia-builder-el-7  el_after_av_section  el_before_av_one_half  avia-builder-el-first  \" style='border-radius:0px; '><\/div>\n<div class=\"flex_column av_one_half  flex_column_div av-zero-column-padding   avia-builder-el-8  el_after_av_one_fourth  el_before_av_one_fourth  \" style='border-radius:0px; '><div class='avia-icon-list-container   avia-builder-el-9  avia-builder-el-no-sibling '><ul class='avia-icon-list avia-icon-list-left av-iconlist-big avia_animate_when_almost_visible avia-iconlist-animate'>\n<li><a href='https:\/\/euracoustics.org\/' title='EAA '  target=\"_blank\"   class='iconlist_icon  avia-font-entypo-fontello'><span class='iconlist-char ' aria-hidden='true' data-av_icon='\ue879' data-av_iconfont='entypo-fontello'><\/span><\/a><article class=\"article-icon-entry \"  itemscope=\"itemscope\" itemtype=\"https:\/\/schema.org\/CreativeWork\" ><div class='iconlist_content_wrap'><header class=\"entry-content-header\"><h4 class='av_iconlist_title iconlist_title  '  itemprop=\"headline\"  ><a href='https:\/\/euracoustics.org\/' title='EAA ' target=\"_blank\" >EAA <\/a><\/h4><\/header><div class='iconlist_content  '  itemprop=\"text\"  ><p>European Acoustics Association<\/p>\n<\/div><\/div><footer class=\"entry-footer\"><\/footer><\/article><div class='iconlist-timeline'><\/div><\/li>\n<li><a href='https:\/\/acousticalsociety.org\/' title='ASA'  target=\"_blank\"   class='iconlist_icon  avia-font-entypo-fontello'><span class='iconlist-char ' aria-hidden='true' data-av_icon='\ue879' data-av_iconfont='entypo-fontello'><\/span><\/a><article class=\"article-icon-entry \"  itemscope=\"itemscope\" itemtype=\"https:\/\/schema.org\/CreativeWork\" ><div class='iconlist_content_wrap'><header class=\"entry-content-header\"><h4 class='av_iconlist_title iconlist_title  '  itemprop=\"headline\"  ><a href='https:\/\/acousticalsociety.org\/' title='ASA' target=\"_blank\" >ASA<\/a><\/h4><\/header><div class='iconlist_content  '  itemprop=\"text\"  ><p>Acoustical Society of America<\/p>\n<\/div><\/div><footer class=\"entry-footer\"><\/footer><\/article><div class='iconlist-timeline'><\/div><\/li>\n<li><a href='http:\/\/www.icacommission.org\/' title='ICA'  target=\"_blank\"   class='iconlist_icon  avia-font-entypo-fontello'><span class='iconlist-char ' aria-hidden='true' data-av_icon='\ue879' data-av_iconfont='entypo-fontello'><\/span><\/a><article class=\"article-icon-entry \"  itemscope=\"itemscope\" itemtype=\"https:\/\/schema.org\/CreativeWork\" ><div class='iconlist_content_wrap'><header class=\"entry-content-header\"><h4 class='av_iconlist_title iconlist_title  '  itemprop=\"headline\"  ><a href='http:\/\/www.icacommission.org\/' title='ICA' target=\"_blank\" >ICA<\/a><\/h4><\/header><div class='iconlist_content  '  itemprop=\"text\"  ><p class=\"m_2618658680500374542gmail-m-777992995100660431msolistparagraph\">International Commission for Acoustics<u><\/u><u><\/u><\/p>\n<\/div><\/div><footer class=\"entry-footer\"><\/footer><\/article><div class='iconlist-timeline'><\/div><\/li>\n<\/ul><\/div><\/div>\n<div class=\"flex_column av_one_fourth  flex_column_div av-zero-column-padding   avia-builder-el-10  el_after_av_one_half  el_before_av_hr  \" style='border-radius:0px; '><\/div>\n<div  class='hr hr-default   avia-builder-el-11  el_after_av_one_fourth  el_before_av_one_fourth '><span class='hr-inner ' ><span class='hr-inner-style'><\/span><\/span><\/div>\n<div class=\"flex_column av_one_fourth  flex_column_div av-zero-column-padding first  avia-builder-el-12  el_after_av_hr  el_before_av_one_half  \" style='border-radius:0px; '><\/div>\n<div class=\"flex_column av_one_half  flex_column_div av-zero-column-padding   avia-builder-el-13  el_after_av_one_fourth  el_before_av_one_fourth  \" style='border-radius:0px; '><div class='avia-icon-list-container   avia-builder-el-14  avia-builder-el-no-sibling '><ul class='avia-icon-list avia-icon-list-left av-iconlist-big avia_animate_when_almost_visible avia-iconlist-animate'>\n<li><div  class='iconlist_icon  avia-font-entypo-fontello'><span class='iconlist-char ' aria-hidden='true' data-av_icon='\ue8f4' data-av_iconfont='entypo-fontello'><\/span><\/div><article class=\"article-icon-entry \"  itemscope=\"itemscope\" itemtype=\"https:\/\/schema.org\/CreativeWork\" ><div class='iconlist_content_wrap'><header class=\"entry-content-header\"><h4 class='av_iconlist_title iconlist_title  '  itemprop=\"headline\"  ><a href='https:\/\/www.facebook.com\/groups\/1577151179193406\/' title='\u00cdshlj\u00f3\u00f0 ' target=\"_blank\" >\u00cdshlj\u00f3\u00f0 <\/a><\/h4><\/header><div class='iconlist_content  '  itemprop=\"text\"  ><p>facebook h\u00f3pur f\u00e9lagsins<\/p>\n<\/div><\/div><footer class=\"entry-footer\"><\/footer><\/article><div class='iconlist-timeline'><\/div><\/li>\n<li><a href='https:\/\/www.dtu.dk\/english\/Education\/msc\/Programmes\/engineering_acoustics' title='DTU - Engineering acoustics'  target=\"_blank\"   class='iconlist_icon  avia-font-entypo-fontello'><span class='iconlist-char ' aria-hidden='true' data-av_icon='\ue8c9' data-av_iconfont='entypo-fontello'><\/span><\/a><article class=\"article-icon-entry \"  itemscope=\"itemscope\" itemtype=\"https:\/\/schema.org\/CreativeWork\" ><div class='iconlist_content_wrap'><header class=\"entry-content-header\"><h4 class='av_iconlist_title iconlist_title  '  itemprop=\"headline\"  ><a href='https:\/\/www.dtu.dk\/english\/Education\/msc\/Programmes\/engineering_acoustics' title='DTU - Engineering acoustics' target=\"_blank\" >DTU - Engineering acoustics<\/a><\/h4><\/header><div class='iconlist_content  '  itemprop=\"text\"  ><p>Danmarks Tekniske Universitet<\/p>\n<\/div><\/div><footer class=\"entry-footer\"><\/footer><\/article><div class='iconlist-timeline'><\/div><\/li>\n<li><a href='https:\/\/www.en.aau.dk\/uddannelser\/kandidat\/signal-processing-and-acoustics' title='AAU - Signal processing and acoustics'  target=\"_blank\"   class='iconlist_icon  avia-font-entypo-fontello'><span class='iconlist-char ' aria-hidden='true' data-av_icon='\ue8c9' data-av_iconfont='entypo-fontello'><\/span><\/a><article class=\"article-icon-entry \"  itemscope=\"itemscope\" itemtype=\"https:\/\/schema.org\/CreativeWork\" ><div class='iconlist_content_wrap'><header class=\"entry-content-header\"><h4 class='av_iconlist_title iconlist_title  '  itemprop=\"headline\"  ><a href='https:\/\/www.en.aau.dk\/uddannelser\/kandidat\/signal-processing-and-acoustics' title='AAU - Signal processing and acoustics' target=\"_blank\" >AAU - Signal processing and acoustics<\/a><\/h4><\/header><div class='iconlist_content  '  itemprop=\"text\"  ><p>Aalborg Universitet<\/p>\n<h2><\/h2>\n<\/div><\/div><footer class=\"entry-footer\"><\/footer><\/article><div class='iconlist-timeline'><\/div><\/li>\n<li><a href='https:\/\/www.chalmers.se\/utbildning\/hitta-program\/ljud-och-vibrationer-masterprogram\/' title='CTH - Applied Acoustics'  target=\"_blank\"   class='iconlist_icon  avia-font-entypo-fontello'><span class='iconlist-char ' aria-hidden='true' data-av_icon='\ue8c9' data-av_iconfont='entypo-fontello'><\/span><\/a><article class=\"article-icon-entry \"  itemscope=\"itemscope\" itemtype=\"https:\/\/schema.org\/CreativeWork\" ><div class='iconlist_content_wrap'><header class=\"entry-content-header\"><h4 class='av_iconlist_title iconlist_title  '  itemprop=\"headline\"  ><a href='https:\/\/www.chalmers.se\/utbildning\/hitta-program\/ljud-och-vibrationer-masterprogram\/' title='CTH - Applied Acoustics' target=\"_blank\" >CTH - Applied Acoustics<\/a><\/h4><\/header><div class='iconlist_content  '  itemprop=\"text\"  ><p>Chalmers university of Technology<\/p>\n<\/div><\/div><footer class=\"entry-footer\"><\/footer><\/article><div class='iconlist-timeline'><\/div><\/li>\n<li><div  class='iconlist_icon  avia-font-entypo-fontello'><span class='iconlist-char ' aria-hidden='true' data-av_icon='\ue8c9' data-av_iconfont='entypo-fontello'><\/span><\/div><article class=\"article-icon-entry \"  itemscope=\"itemscope\" itemtype=\"https:\/\/schema.org\/CreativeWork\" ><div class='iconlist_content_wrap'><header class=\"entry-content-header\"><h4 class='av_iconlist_title iconlist_title  '  itemprop=\"headline\"  ><a href='https:\/\/www.ntnu.edu\/ies\/acoustics-group' title='NTNU Acoustics group'>NTNU Acoustics group<\/a><\/h4><\/header><div class='iconlist_content  '  itemprop=\"text\"  ><p>Technical university of Norway &#8211; Trondheim<\/p>\n<\/div><\/div><footer class=\"entry-footer\"><\/footer><\/article><div class='iconlist-timeline'><\/div><\/li>\n<\/ul><\/div><\/div><div class=\"flex_column av_one_fourth  flex_column_div av-zero-column-padding   avia-builder-el-15  el_after_av_one_half  avia-builder-el-last  \" style='border-radius:0px; '><\/div><\/p>\n","protected":false},"excerpt":{"rendered":"","protected":false},"author":1,"featured_media":0,"parent":0,"menu_order":0,"comment_status":"closed","ping_status":"closed","template":"","meta":[],"_links":{"self":[{"href":"https:\/\/ishljod.is\/index.php?rest_route=\/wp\/v2\/pages\/3664"}],"collection":[{"href":"https:\/\/ishljod.is\/index.php?rest_route=\/wp\/v2\/pages"}],"about":[{"href":"https:\/\/ishljod.is\/index.php?rest_route=\/wp\/v2\/types\/page"}],"author":[{"embeddable":true,"href":"https:\/\/ishljod.is\/index.php?rest_route=\/wp\/v2\/users\/1"}],"replies":[{"embeddable":true,"href":"https:\/\/ishljod.is\/index.php?rest_route=%2Fwp%2Fv2%2Fcomments&post=3664"}],"version-history":[{"count":25,"href":"https:\/\/ishljod.is\/index.php?rest_route=\/wp\/v2\/pages\/3664\/revisions"}],"predecessor-version":[{"id":4040,"href":"https:\/\/ishljod.is\/index.php?rest_route=\/wp\/v2\/pages\/3664\/revisions\/4040"}],"wp:attachment":[{"href":"https:\/\/ishljod.is\/index.php?rest_route=%2Fwp%2Fv2%2Fmedia&parent=3664"}],"curies":[{"name":"wp","href":"https:\/\/api.w.org\/{rel}","templated":true}]}}