{"id":3567,"date":"2019-05-12T22:03:42","date_gmt":"2019-05-12T22:03:42","guid":{"rendered":"http:\/\/ishljod.is\/?page_id=3567"},"modified":"2023-02-21T15:59:38","modified_gmt":"2023-02-21T15:59:38","slug":"arsskyrslur","status":"publish","type":"page","link":"https:\/\/ishljod.is\/?page_id=3567","title":{"rendered":"\u00c1rssk\u00fdrslur"},"content":{"rendered":"<div class='av-hotspot-image-container avia_animate_when_almost_visible   av-hotspot-numbered av-mobile-fallback-active    avia-builder-el-0  el_before_av_heading  avia-builder-el-first  av-non-fullwidth-hotspot-image '  itemprop=\"image\" itemscope=\"itemscope\" itemtype=\"https:\/\/schema.org\/ImageObject\"  ><div class='av-hotspot-container'><div class='av-hotspot-container-inner-cell'><div class='av-hotspot-container-inner-wrap'><img class='avia_image ' src='https:\/\/ishljod.is\/wp-content\/uploads\/2019\/05\/lofthvitt-2-1500x1000.jpg' alt='' title=''  height=\"1000\"width=\"1500\"  itemprop=\"thumbnailUrl\"  \/><\/div><\/div><\/div><\/div>\n<div style='padding-bottom:10px; ' class='av-special-heading av-special-heading-h1    avia-builder-el-1  el_after_av_image_hotspot  el_before_av_textblock  avia-builder-el-first  '><h1 class='av-special-heading-tag '  itemprop=\"headline\"  >\u00c1rssk\u00fdrsla 2019 <\/h1><div class='special-heading-border'><div class='special-heading-inner-border' ><\/div><\/div><\/div>\n<section class=\"av_textblock_section \"  itemscope=\"itemscope\" itemtype=\"https:\/\/schema.org\/CreativeWork\" ><div class='avia_textblock  '  style='font-size:20px; '  itemprop=\"text\" ><div class=\"page\" title=\"Page 1\">\n<div class=\"layoutArea\">\n<div class=\"column\">\n<p>I\u0301slenska hljo\u0301\u00f0vistarfe\u0301lagi\u00f0 var stofna\u00f0 a\u0301ri\u00f0 2006 og tilgangur fe\u0301lagsins er a\u00f0 tengja saman fo\u0301lk sem vinnur vi\u00f0 hljo\u0301\u00f0ho\u0308nnun og hljo\u0301\u00f0vist a\u0301 I\u0301slandi, og a\u00f0 auka og brei\u00f0a u\u0301t \u00feekkingu a\u0301 \u00fevi\u0301 fagsvi\u00f0i. Fe\u0301lagi\u00f0 starfar innan VFI\u0301 sem fagho\u0301pur um hljo\u0301\u00f0ho\u0308nnun.<\/p>\n<p>I\u0301slenska hljo\u0301\u00f0vistarfe\u0301lagi\u00f0 er a\u00f0ildarfe\u0301lag NAA (Nordic Acoustics Association), EAA (European Acoustics Association) og ICA (international commission for acoustics) og fulltru\u0301i I\u0301SHLJO\u0301\u00d0S tekur \u00fea\u0301tt a\u0301 a\u0301rlegum fundum NAA og EAA \u00feegar h\u00e6gt er. Kristi\u0301n O\u0301marsdo\u0301ttir hefur a\u0301tt s\u00e6ti i\u0301 stjo\u0301rn NAA si\u0301\u00f0ustu a\u0301r. A\u0301ri\u00f0 2019 hefur O\u0301lafur Hja\u0301lmarsson teki\u00f0 vi\u00f0 formannss\u00e6ti NAA og er fyrsti i\u0301slendingurinn til \u00feess a\u00f0 hljo\u0301ta \u00feann hei\u00f0ur, en NAA samto\u0308kin voru stofnu\u00f0 a\u0301ri\u00f0 1954.<\/p>\n<p>Fe\u0301lagsmenn eru nu\u0301 31 talsins og se\u0301rhver einstaklingur sem hefur a\u0301huga a\u0301 hljo\u0301\u00f0ho\u0308nnun og hljo\u0301\u00f0vist getur or\u00f0i\u00f0 me\u00f0limur i\u0301 fe\u0301laginu. Einnig geta fe\u0301lo\u0308g, fyrirt\u00e6ki og stofnanir sem a\u0301huga hafa a\u0301 a\u00f0 efla starfsemi fe\u0301lagsins or\u00f0i\u00f0 styrktarme\u00f0limir.<\/p>\n<p>A\u00f0alfundur fe\u0301lagsins var haldinn 20. september 2018 \u00fear sem Ingvar Jo\u0301nsson gaf a\u0301fram kost a\u0301 se\u0301r i\u0301 stjo\u0301rn I\u0301shljo\u0301\u00f0s og var kosinn til a\u0301framhaldandi setu i\u0301 stjo\u0301rn til \u00feriggja a\u0301ra. Si\u0301\u00f0astli\u00f0i\u00f0 a\u0301r hefur Kristi\u0301n O\u0301marsdo\u0301ttir gengt formennsku, Jakob Tryggvason veri\u00f0 gjaldkeri, O\u0301lafur Dani\u0301elsson ritari og Ingvar Jo\u0301nsson me\u00f0stjo\u0301rnandi. A\u0301 a\u00f0alfundinum var fjalla\u00f0 um a\u00f0 setja a\u0301 fo\u0301t hljo\u0301\u00f0vistarver\u00f0laun veitingasta\u00f0a og kaffihu\u0301sa me\u00f0al annars me\u00f0 \u00fea\u00f0 a\u00f0 markmi\u00f0i a\u00f0 hvetja til ja\u0301kv\u00e6\u00f0rar umr\u00e6\u00f0u um hljo\u0301\u00f0vist.<\/p>\n<p>Haldin var samnorr\u00e6n hljo\u0301\u00f0ra\u0301\u00f0stefna, BNAM 2018, i\u0301 Ho\u0308rpu dagana 15-18. apri\u0301l 2018. Ra\u0301\u00f0stefnan var st\u00e6rsta verkefni I\u0301slenska hljo\u0301\u00f0vistarfe\u0301lagsins a\u0301 si\u0301\u00f0astli\u00f0nu a\u0301ri, en margir fe\u0301lagsmenn to\u0301ku \u00fea\u0301tt i\u0301 vinnu skipulagsnefndar fyrir ra\u0301\u00f0stefnuna. Ra\u0301\u00f0stefnan var einnig unnin i\u0301 samstarfi vi\u00f0 stjo\u0301rn NAA og a\u00f0ila fagnefndar sem skipu\u00f0 var fo\u0301lki fra\u0301 hljo\u0301\u00f0vistarfe\u0301lo\u0308gum fra\u0301 I\u0301slandi, Danmo\u0308rku, Finnlandi, Svi\u0301\u00fejo\u0301\u00f0 og Noregi. Mikil a\u0301n\u00e6gja var me\u00f0 ra\u0301\u00f0stefnuna og a\u00f0sto\u0308\u00f0una i\u0301 Ho\u0308rpu, meira a\u00f0 segja svo mikil a\u0301n\u00e6gja a\u00f0 fe\u0301lagi\u00f0 var hvatt til a\u00f0 halda ra\u0301\u00f0stefnuna aftur i\u0301 Ho\u0308rpu a\u0301ri\u00f0 2028. Ra\u0301\u00f0stefnugestir voru 149 talsins fra\u0301 14 mismunandi lo\u0308ndum og haldin voru 55 erindi a\u0301samt erindum fra\u0301 fjo\u0301rum lykilfyrirlesurum. Faglotur voru 8 talsins og umfjo\u0308llunarefnin voru umhverfisha\u0301va\u00f0i, hljo\u0301\u00f0e\u00f0lisfr\u00e6\u00f0i to\u0301nlistar, hljo\u0301\u00f0vist sju\u0301krahu\u0301sa, hljo\u0301\u00f0e\u00f0lisfr\u00e6\u00f0i lagna, reiknileg hljo\u0301\u00f0e\u00f0lisfr\u00e6\u00f0i, hljo\u0301\u00f0vist ry\u0301ma, hljo\u0301\u00f0einangrun og regluger\u00f0ama\u0301l. Sy\u0301ningarba\u0301sar voru fra\u0301 18 a\u00f0ilum, t.d. framlei\u00f0endur hljo\u0301\u00f0m\u00e6lit\u00e6kja og hljo\u0301\u00f0i\u0301sogskl\u00e6\u00f0ninga.<\/p>\n<p>BNAM (Baltic Nordic Acoustics meeting) eru samnorr\u00e6nar hljo\u0301\u00f0ra\u0301\u00f0stefnur sem haldnar eru anna\u00f0 hvert a\u0301r og n\u00e6st ver\u00f0ur ra\u0301\u00f0stefnan haldin i\u0301 Oslo\u0301 a\u0301ri\u00f0 2020.<\/p>\n<p>\u00deann 7. no\u0301vember 2018 var haldin ra\u0301\u00f0stefna Trivium hljo\u0301\u00f0ra\u0301\u00f0gjafa og Verkfr\u00e6\u00f0ingafe\u0301lags I\u0301slands um sto\u0308\u00f0u hljo\u0301\u00f0ma\u0301la a\u0301 I\u0301slandi \u00fear sem haldinn var fjo\u0308ldi a\u0301hugaver\u00f0ra erinda, m.a. um skipulagsma\u0301l tengdum ha\u0301va\u00f0a, kortlagningu ha\u0301va\u00f0a, hljo\u0301\u00f0ho\u0308nnun bygginga og hljo\u0301\u00f0vi\u00f0mi\u00f0 I\u0301ST 45:2016.<\/p>\n<p>Kristi\u0301n O\u0301marsdo\u0301ttir, forma\u00f0ur I\u0301slenska hljo\u0301\u00f0vistarfe\u0301lagsins<\/p>\n<\/div>\n<\/div>\n<\/div>\n<\/div><\/section>\n","protected":false},"excerpt":{"rendered":"","protected":false},"author":1,"featured_media":0,"parent":0,"menu_order":0,"comment_status":"closed","ping_status":"closed","template":"","meta":[],"_links":{"self":[{"href":"https:\/\/ishljod.is\/index.php?rest_route=\/wp\/v2\/pages\/3567"}],"collection":[{"href":"https:\/\/ishljod.is\/index.php?rest_route=\/wp\/v2\/pages"}],"about":[{"href":"https:\/\/ishljod.is\/index.php?rest_route=\/wp\/v2\/types\/page"}],"author":[{"embeddable":true,"href":"https:\/\/ishljod.is\/index.php?rest_route=\/wp\/v2\/users\/1"}],"replies":[{"embeddable":true,"href":"https:\/\/ishljod.is\/index.php?rest_route=%2Fwp%2Fv2%2Fcomments&post=3567"}],"version-history":[{"count":5,"href":"https:\/\/ishljod.is\/index.php?rest_route=\/wp\/v2\/pages\/3567\/revisions"}],"predecessor-version":[{"id":4041,"href":"https:\/\/ishljod.is\/index.php?rest_route=\/wp\/v2\/pages\/3567\/revisions\/4041"}],"wp:attachment":[{"href":"https:\/\/ishljod.is\/index.php?rest_route=%2Fwp%2Fv2%2Fmedia&parent=3567"}],"curies":[{"name":"wp","href":"https:\/\/api.w.org\/{rel}","templated":true}]}}