{"id":3357,"date":"2015-10-15T15:32:40","date_gmt":"2015-10-15T15:32:40","guid":{"rendered":"http:\/\/wpoffice\/construction\/?page_id=23"},"modified":"2019-06-05T12:28:40","modified_gmt":"2019-06-05T12:28:40","slug":"skraning","status":"publish","type":"page","link":"https:\/\/ishljod.is\/?page_id=3357","title":{"rendered":"Hafa samband"},"content":{"rendered":"<div class='av-hotspot-image-container avia_animate_when_almost_visible   av-hotspot-numbered av-mobile-fallback-active    avia-builder-el-0  el_before_av_section  avia-builder-el-first  av-non-fullwidth-hotspot-image '  itemprop=\"image\" itemscope=\"itemscope\" itemtype=\"https:\/\/schema.org\/ImageObject\"  ><div class='av-hotspot-container'><div class='av-hotspot-container-inner-cell'><div class='av-hotspot-container-inner-wrap'><img class='avia_image ' src='https:\/\/ishljod.is\/wp-content\/uploads\/2019\/04\/logo.png' alt='' title='logo'  height=\"652\"width=\"1069\"  itemprop=\"thumbnailUrl\"  \/><\/div><\/div><\/div><\/div>\n<div id='av_section_1' class='avia-section main_color avia-section-default avia-no-border-styling avia-bg-style-scroll  avia-builder-el-1  el_after_av_image_hotspot  el_before_av_textblock   container_wrap sidebar_right' style=' '  ><div class='container' ><div class='template-page content  av-content-small alpha units'><div class='post-entry post-entry-type-page post-entry-3357'><div class='entry-content-wrapper clearfix'>\n<div style='padding-bottom:10px; ' class='av-special-heading av-special-heading-h2  blockquote modern-quote modern-centered  avia-builder-el-2  avia-builder-el-no-sibling  '><h2 class='av-special-heading-tag '  itemprop=\"headline\"  >Hafa samband<\/h2><div class='special-heading-border'><div class='special-heading-inner-border' ><\/div><\/div><\/div>\n<\/div><\/div><\/div><!-- close content main div --><\/div><\/div><div id='after_section_1' class='main_color av_default_container_wrap container_wrap sidebar_right' style=' '  ><div class='container' ><div class='template-page content  av-content-small alpha units'><div class='post-entry post-entry-type-page post-entry-3357'><div class='entry-content-wrapper clearfix'>\n<section class=\"av_textblock_section \"  itemscope=\"itemscope\" itemtype=\"https:\/\/schema.org\/CreativeWork\" ><div class='avia_textblock  '   itemprop=\"text\" ><div class=\"wpforms-container wpforms-container-full\" id=\"wpforms-3778\"><form id=\"wpforms-form-3778\" class=\"wpforms-validate wpforms-form\" data-formid=\"3778\" method=\"post\" enctype=\"multipart\/form-data\" action=\"\/index.php?rest_route=%2Fwp%2Fv2%2Fpages%2F3357\" data-token=\"889cce211af7e6df4f03a77472768686\"><noscript class=\"wpforms-error-noscript\">Please enable JavaScript in your browser to complete this form.<\/noscript><div class=\"wpforms-field-container\"><div id=\"wpforms-3778-field_0-container\" class=\"wpforms-field wpforms-field-name\" data-field-id=\"0\"><label class=\"wpforms-field-label\" for=\"wpforms-3778-field_0\">Nafn <span class=\"wpforms-required-label\">*<\/span><\/label><input type=\"text\" id=\"wpforms-3778-field_0\" class=\"wpforms-field-medium wpforms-field-required\" name=\"wpforms[fields][0]\" required><\/div><div id=\"wpforms-3778-field_1-container\" class=\"wpforms-field wpforms-field-email\" data-field-id=\"1\"><label class=\"wpforms-field-label\" for=\"wpforms-3778-field_1\">T\u00f6lvup\u00f3stur <span class=\"wpforms-required-label\">*<\/span><\/label><input type=\"email\" id=\"wpforms-3778-field_1\" class=\"wpforms-field-medium wpforms-field-required\" name=\"wpforms[fields][1]\" required><\/div><div id=\"wpforms-3778-field_3-container\" class=\"wpforms-field wpforms-field-textarea\" data-field-id=\"3\"><label class=\"wpforms-field-label\" for=\"wpforms-3778-field_3\">Skilabo\u00f0<\/label><textarea id=\"wpforms-3778-field_3\" class=\"wpforms-field-medium\" name=\"wpforms[fields][3]\" ><\/textarea><\/div><div id=\"wpforms-3778-field_2-container\" class=\"wpforms-field wpforms-field-checkbox\" data-field-id=\"2\"><label class=\"wpforms-field-label\" for=\"wpforms-3778-field_2\">Viltu skr\u00e1 \u00feig \u00ed f\u00e9lagi\u00f0?<\/label><ul id=\"wpforms-3778-field_2\"><li class=\"choice-1 depth-1\"><input type=\"checkbox\" id=\"wpforms-3778-field_2_1\" name=\"wpforms[fields][2][]\" value=\"J\u00e1 takk\"  ><label class=\"wpforms-field-label-inline\" for=\"wpforms-3778-field_2_1\">J\u00e1 takk<\/label><\/li><\/ul><\/div><\/div><div class=\"wpforms-field wpforms-field-hp\"><label for=\"wpforms-3778-field-hp\" class=\"wpforms-field-label\">Comment<\/label><input type=\"text\" name=\"wpforms[hp]\" id=\"wpforms-3778-field-hp\" class=\"wpforms-field-medium\"><\/div><div class=\"wpforms-recaptcha-container wpforms-is-recaptcha\"><div class=\"g-recaptcha\" data-sitekey=\"6LdOPRweAAAAAFICXm1HgnZRqlKi4_AgHRUVIV1r\"><\/div><input type=\"text\" name=\"g-recaptcha-hidden\" class=\"wpforms-recaptcha-hidden\" style=\"position:absolute!important;clip:rect(0,0,0,0)!important;height:1px!important;width:1px!important;border:0!important;overflow:hidden!important;padding:0!important;margin:0!important;\" required><\/div><div class=\"wpforms-submit-container\"><input type=\"hidden\" name=\"wpforms[id]\" value=\"3778\"><input type=\"hidden\" name=\"wpforms[author]\" value=\"1\"><button type=\"submit\" name=\"wpforms[submit]\" id=\"wpforms-submit-3778\" class=\"wpforms-submit\" data-alt-text=\"sendi...\" data-submit-text=\"senda\" aria-live=\"assertive\" value=\"wpforms-submit\">senda<\/button><\/div><\/form><\/div>  <!-- .wpforms-container -->\n<\/div><\/section>\n","protected":false},"excerpt":{"rendered":"","protected":false},"author":1,"featured_media":0,"parent":0,"menu_order":0,"comment_status":"closed","ping_status":"closed","template":"","meta":[],"_links":{"self":[{"href":"https:\/\/ishljod.is\/index.php?rest_route=\/wp\/v2\/pages\/3357"}],"collection":[{"href":"https:\/\/ishljod.is\/index.php?rest_route=\/wp\/v2\/pages"}],"about":[{"href":"https:\/\/ishljod.is\/index.php?rest_route=\/wp\/v2\/types\/page"}],"author":[{"embeddable":true,"href":"https:\/\/ishljod.is\/index.php?rest_route=\/wp\/v2\/users\/1"}],"replies":[{"embeddable":true,"href":"https:\/\/ishljod.is\/index.php?rest_route=%2Fwp%2Fv2%2Fcomments&post=3357"}],"version-history":[{"count":22,"href":"https:\/\/ishljod.is\/index.php?rest_route=\/wp\/v2\/pages\/3357\/revisions"}],"predecessor-version":[{"id":3914,"href":"https:\/\/ishljod.is\/index.php?rest_route=\/wp\/v2\/pages\/3357\/revisions\/3914"}],"wp:attachment":[{"href":"https:\/\/ishljod.is\/index.php?rest_route=%2Fwp%2Fv2%2Fmedia&parent=3357"}],"curies":[{"name":"wp","href":"https:\/\/api.w.org\/{rel}","templated":true}]}}